{"id":69,"date":"2016-05-09T23:11:17","date_gmt":"2016-05-09T23:11:17","guid":{"rendered":"http:\/\/www.construccionspirineu.ad\/?page_id=69"},"modified":"2025-04-29T09:52:14","modified_gmt":"2025-04-29T09:52:14","slug":"inici","status":"publish","type":"page","link":"https:\/\/www.construccionspirineu.ad\/fr\/inici\/","title":{"rendered":"ACCUEIL"},"content":{"rendered":"<p><span style=\"color: #333399;\">Nous sommes une<strong> entreprise de construction<\/strong> de la <strong>principaut\u00e9 d&rsquo;Andorra<\/strong> cr\u00e9\u00e9 <strong>l&rsquo;ann\u00e9e 1971<\/strong> et sp\u00e9cialis\u00e9e dans <strong>toutes types de construction.<\/strong><\/span><\/p>\n<p><span style=\"color: #333399;\">Nous offrons <strong>professionalit\u00e9 et personnalisation<\/strong>. <\/span><\/p>\n<p><span style=\"color: #333399;\"><span style=\"font-size: 1rem;\">Nos <strong>plus de 53 ans d&rsquo;histoire<\/strong> et experi\u00e8nce son <strong>n\u00f4tre meilleure lettre de pr\u00e9sentation<\/strong> et une <strong>guarantie de qualit\u00e9<\/strong> pour nos clients. <\/span><\/span><\/p>\n<p><span style=\"color: #333399;\"><span style=\"font-size: 1rem;\">Nous avons avanc\u00e9 et \u00e9volu\u00e9 au fil des ans seulement gr\u00e2ce \u00e0 n\u00f4tres clients, qu&rsquo;ils nous ont fait confiance.<\/span><\/span><\/p>\n<p><span style=\"color: #333399;\"><span style=\"font-size: 1rem;\">Nous offrons un service global pour nos clients.<\/span><\/span><\/p>\n<p><a href=\"https:\/\/vanessamartyn.com\/www.vanessamartyn.com\/INTERIORISMO.html\" target=\"_blank\" rel=\"noopener noreferrer\"><img loading=\"lazy\" class=\"alignleft wp-image-3635\" src=\"https:\/\/www.construccionspirineu.ad\/wp-content\/uploads\/2016\/05\/01-10-2017-A.jpg\" alt=\"\" width=\"276\" height=\"122\" srcset=\"https:\/\/www.construccionspirineu.ad\/wp-content\/uploads\/2016\/05\/01-10-2017-A.jpg 1387w, https:\/\/www.construccionspirineu.ad\/wp-content\/uploads\/2016\/05\/01-10-2017-A-300x133.jpg 300w, https:\/\/www.construccionspirineu.ad\/wp-content\/uploads\/2016\/05\/01-10-2017-A-768x340.jpg 768w, https:\/\/www.construccionspirineu.ad\/wp-content\/uploads\/2016\/05\/01-10-2017-A-1024x453.jpg 1024w, https:\/\/www.construccionspirineu.ad\/wp-content\/uploads\/2016\/05\/01-10-2017-A-150x66.jpg 150w, https:\/\/www.construccionspirineu.ad\/wp-content\/uploads\/2016\/05\/01-10-2017-A-24x11.jpg 24w, https:\/\/www.construccionspirineu.ad\/wp-content\/uploads\/2016\/05\/01-10-2017-A-36x16.jpg 36w, https:\/\/www.construccionspirineu.ad\/wp-content\/uploads\/2016\/05\/01-10-2017-A-48x21.jpg 48w\" sizes=\"(max-width: 276px) 100vw, 276px\" \/><\/a><\/p>\n<div class=\"mceTemp\"><\/div>\n<p><\/p>","protected":false},"excerpt":{"rendered":"<p>Nous sommes une entreprise de construction de la principaut\u00e9 d&rsquo;Andorra cr\u00e9\u00e9 l&rsquo;ann\u00e9e 1971 et sp\u00e9cialis\u00e9e dans toutes types de construction. Nous offrons professionalit\u00e9 et personnalisation. Nos plus de 53 ans d&rsquo;histoire et experi\u00e8nce son n\u00f4tre meilleure lettre de pr\u00e9sentation et une guarantie de qualit\u00e9 pour nos clients. Nous avons avanc\u00e9 et \u00e9volu\u00e9 au fil des&#8230;<\/p>\n","protected":false},"author":1,"featured_media":0,"parent":0,"menu_order":0,"comment_status":"closed","ping_status":"closed","template":"","meta":[],"_links":{"self":[{"href":"https:\/\/www.construccionspirineu.ad\/fr\/wp-json\/wp\/v2\/pages\/69"}],"collection":[{"href":"https:\/\/www.construccionspirineu.ad\/fr\/wp-json\/wp\/v2\/pages"}],"about":[{"href":"https:\/\/www.construccionspirineu.ad\/fr\/wp-json\/wp\/v2\/types\/page"}],"author":[{"embeddable":true,"href":"https:\/\/www.construccionspirineu.ad\/fr\/wp-json\/wp\/v2\/users\/1"}],"replies":[{"embeddable":true,"href":"https:\/\/www.construccionspirineu.ad\/fr\/wp-json\/wp\/v2\/comments?post=69"}],"version-history":[{"count":272,"href":"https:\/\/www.construccionspirineu.ad\/fr\/wp-json\/wp\/v2\/pages\/69\/revisions"}],"predecessor-version":[{"id":10575,"href":"https:\/\/www.construccionspirineu.ad\/fr\/wp-json\/wp\/v2\/pages\/69\/revisions\/10575"}],"wp:attachment":[{"href":"https:\/\/www.construccionspirineu.ad\/fr\/wp-json\/wp\/v2\/media?parent=69"}],"curies":[{"name":"wp","href":"https:\/\/api.w.org\/{rel}","templated":true}]}}