{"id":555,"date":"2016-05-13T00:00:49","date_gmt":"2016-05-13T00:00:49","guid":{"rendered":"http:\/\/www.construccionspirineu.ad\/?page_id=555"},"modified":"2025-10-22T14:31:07","modified_gmt":"2025-10-22T14:31:07","slug":"avis-legal","status":"publish","type":"page","link":"https:\/\/www.construccionspirineu.ad\/fr\/avis-legal\/","title":{"rendered":"(Espa\u00f1ol) AVISO LEGAL"},"content":{"rendered":"<p><span style=\"color: #000000;\"><strong><a href=\"http:\/\/www.construccionspirineu.ad\/wp-content\/uploads\/2016\/05\/LOGO-web-5.gif\"><img loading=\"lazy\" class=\"alignleft size-full wp-image-600\" src=\"http:\/\/www.construccionspirineu.ad\/wp-content\/uploads\/2016\/05\/LOGO-web-5.gif\" alt=\"LOGO-web-5\" width=\"209\" height=\"159\" \/><\/a>www.construccionspirineu.ad<\/strong> \u00e9s un domini d&rsquo;Internet de <strong>Construccions Pirineu<br \/>\n<\/strong>L&rsquo;acc\u00e9s a aquest p\u00e0gina web i a la informaci\u00f3 continguda comporta l&rsquo;acceptaci\u00f3 de les condicions previstes en aquest av\u00eds legal. Per aquest motiu, li recomanem que llegeixi atentament el contingut d&rsquo;aquest av\u00eds si vol accedir i utilitzar la informaci\u00f3 i els serveis que s&rsquo;ofereixen des de la web.<\/span><\/p>\n<p><span style=\"color: #000000;\">La b\u00fastia de contacte de la web t\u00e9 car\u00e0cter merament informatiu, sense que, en cap cas, puguin derivar-se responsabilitats jur\u00eddiques vinculants en cas de resposta o manca de resposta.<\/span><\/p>\n<p><span style=\"color: #000000;\"><strong>Pol\u00edtica de privacitat<br \/>\n<\/strong><strong>Protecci\u00f3 de dades personals<\/strong><\/span><\/p>\n<p><span style=\"color: #000000;\">De conformitat amb la llei 15\/2003 del 18 de desembre, qualificada de protecci\u00f3 de dades personals, s&rsquo;informa que totes les dades que puguin ser facilitades per part dels usuaris es tractaran amb absoluta confidencialitat.<\/span><\/p>\n<p><span style=\"color: #000000;\"><strong>Recollida de dades estad\u00edstiques<br \/>\n<\/strong>\u00danicament, amb la finalitat d&rsquo;oferir-li un millor Servei a trav\u00e9s d&rsquo;aquesta p\u00e0gina i amb l&rsquo;objectiu de facilitar el seu \u00fas, s&rsquo;analitzen el nombre de p\u00e0gines visitades, nombre de visites, aix\u00ed com l&rsquo;activitat i freq\u00fc\u00e8ncia d&rsquo;utilitzaci\u00f3 dels usuaris. Aquestes dades s&rsquo;utilitzen amb l&rsquo;exclusiva finalitat d&rsquo;obtenir informaci\u00f3 estad\u00edstica an\u00f2nima sobre l&rsquo;\u00fas del lloc web o per controlar-ne el concret funcionament t\u00e8cnic i es cancel\u00b7len immediatament despr\u00e8s de la seva elaboraci\u00f3.<strong><br \/>\n<\/strong><\/span><\/p>\n<p><span style=\"color: #000000;\"><strong>Pol\u00edtica d&rsquo;\u00fas<br \/>\n<\/strong>Tots els drets estan reservats. Tot acc\u00e9s a aquest lloc web resta subjecte a les condicions seg\u00fcents:<strong>\u00a0CONSTRUCCIONS PIRINEU<\/strong> no \u00e9s responsable dels danys causats per l&rsquo;acc\u00e9s al web o per la impossibilitat d&rsquo;accedir-hi, no es fa tampoc responsable de la informaci\u00f3 obtinguda a trav\u00e9s d&rsquo;enlla\u00e7os a sistemes externs.<\/span><br \/>\n<span style=\"color: #000000;\"> Aquesta pol\u00edtica de privacitat \u00e9s d&rsquo;aplicaci\u00f3 \u00fanica a aquesta p\u00e0gina web i no es garanteix en els accessos a trav\u00e9s d&rsquo;enlla\u00e7os a d&rsquo;altres p\u00e0gines web.<strong><br \/>\n<\/strong><\/span><\/p>","protected":false},"excerpt":{"rendered":"<p>www.construccionspirineu.ad \u00e9s un domini d&rsquo;Internet de Construccions Pirineu L&rsquo;acc\u00e9s a aquest p\u00e0gina web i a la informaci\u00f3 continguda comporta l&rsquo;acceptaci\u00f3 de les condicions previstes en aquest av\u00eds legal. Per aquest motiu, li recomanem que llegeixi atentament el contingut d&rsquo;aquest av\u00eds si vol accedir i utilitzar la informaci\u00f3 i els serveis que s&rsquo;ofereixen des de la&#8230;<\/p>\n","protected":false},"author":1,"featured_media":0,"parent":0,"menu_order":0,"comment_status":"closed","ping_status":"closed","template":"","meta":[],"_links":{"self":[{"href":"https:\/\/www.construccionspirineu.ad\/fr\/wp-json\/wp\/v2\/pages\/555"}],"collection":[{"href":"https:\/\/www.construccionspirineu.ad\/fr\/wp-json\/wp\/v2\/pages"}],"about":[{"href":"https:\/\/www.construccionspirineu.ad\/fr\/wp-json\/wp\/v2\/types\/page"}],"author":[{"embeddable":true,"href":"https:\/\/www.construccionspirineu.ad\/fr\/wp-json\/wp\/v2\/users\/1"}],"replies":[{"embeddable":true,"href":"https:\/\/www.construccionspirineu.ad\/fr\/wp-json\/wp\/v2\/comments?post=555"}],"version-history":[{"count":9,"href":"https:\/\/www.construccionspirineu.ad\/fr\/wp-json\/wp\/v2\/pages\/555\/revisions"}],"predecessor-version":[{"id":10608,"href":"https:\/\/www.construccionspirineu.ad\/fr\/wp-json\/wp\/v2\/pages\/555\/revisions\/10608"}],"wp:attachment":[{"href":"https:\/\/www.construccionspirineu.ad\/fr\/wp-json\/wp\/v2\/media?parent=555"}],"curies":[{"name":"wp","href":"https:\/\/api.w.org\/{rel}","templated":true}]}}