{"id":519,"date":"2016-05-12T22:43:21","date_gmt":"2016-05-12T22:43:21","guid":{"rendered":"http:\/\/www.construccionspirineu.ad\/?page_id=519"},"modified":"2016-07-04T11:04:15","modified_gmt":"2016-07-04T11:04:15","slug":"oferta-pirineu-estufa-pellets-cadel","status":"publish","type":"page","link":"https:\/\/www.construccionspirineu.ad\/fr\/oferta-pirineu-estufa-pellets-cadel\/","title":{"rendered":"ESTUFA CADEL"},"content":{"rendered":"<p class=\"qtranxs-available-languages-message qtranxs-available-languages-message-fr\">D\u00e9sol\u00e9, cet article est seulement disponible en <a href=\"https:\/\/www.construccionspirineu.ad\/es\/wp-json\/wp\/v2\/pages\/519\" class=\"qtranxs-available-language-link qtranxs-available-language-link-es\" title=\"Espa\u00f1ol\">Espagnol Europ\u00e9en<\/a> et <a href=\"https:\/\/www.construccionspirineu.ad\/ca\/wp-json\/wp\/v2\/pages\/519\" class=\"qtranxs-available-language-link qtranxs-available-language-link-ca\" title=\"Catal\u00e0\">Catalan<\/a>.<\/p>","protected":false},"excerpt":{"rendered":"<p>D\u00e9sol\u00e9, cet article est seulement disponible en Espagnol Europ\u00e9en et Catalan.<\/p>\n","protected":false},"author":1,"featured_media":0,"parent":0,"menu_order":0,"comment_status":"closed","ping_status":"closed","template":"","meta":[],"_links":{"self":[{"href":"https:\/\/www.construccionspirineu.ad\/fr\/wp-json\/wp\/v2\/pages\/519"}],"collection":[{"href":"https:\/\/www.construccionspirineu.ad\/fr\/wp-json\/wp\/v2\/pages"}],"about":[{"href":"https:\/\/www.construccionspirineu.ad\/fr\/wp-json\/wp\/v2\/types\/page"}],"author":[{"embeddable":true,"href":"https:\/\/www.construccionspirineu.ad\/fr\/wp-json\/wp\/v2\/users\/1"}],"replies":[{"embeddable":true,"href":"https:\/\/www.construccionspirineu.ad\/fr\/wp-json\/wp\/v2\/comments?post=519"}],"version-history":[{"count":56,"href":"https:\/\/www.construccionspirineu.ad\/fr\/wp-json\/wp\/v2\/pages\/519\/revisions"}],"predecessor-version":[{"id":2358,"href":"https:\/\/www.construccionspirineu.ad\/fr\/wp-json\/wp\/v2\/pages\/519\/revisions\/2358"}],"wp:attachment":[{"href":"https:\/\/www.construccionspirineu.ad\/fr\/wp-json\/wp\/v2\/media?parent=519"}],"curies":[{"name":"wp","href":"https:\/\/api.w.org\/{rel}","templated":true}]}}