{"id":5103,"date":"2018-11-18T11:34:27","date_gmt":"2018-11-18T11:34:27","guid":{"rendered":"http:\/\/www.construccionspirineu.ad\/?page_id=5103"},"modified":"2018-11-18T11:50:55","modified_gmt":"2018-11-18T11:50:55","slug":"proyecte-cuina-c-9","status":"publish","type":"page","link":"https:\/\/www.construccionspirineu.ad\/fr\/proyecte-cuina-c-9\/","title":{"rendered":"(Espa\u00f1ol) PROYECTO COCINA C-9"},"content":{"rendered":"<p class=\"qtranxs-available-languages-message qtranxs-available-languages-message-fr\">D\u00e9sol\u00e9, cet article est seulement disponible en <a href=\"https:\/\/www.construccionspirineu.ad\/es\/wp-json\/wp\/v2\/pages\/5103\" class=\"qtranxs-available-language-link qtranxs-available-language-link-es\" title=\"Espa\u00f1ol\">Espagnol Europ\u00e9en<\/a> et <a href=\"https:\/\/www.construccionspirineu.ad\/ca\/wp-json\/wp\/v2\/pages\/5103\" class=\"qtranxs-available-language-link qtranxs-available-language-link-ca\" title=\"Catal\u00e0\">Catalan<\/a>.<\/p>","protected":false},"excerpt":{"rendered":"<p>D\u00e9sol\u00e9, cet article est seulement disponible en Espagnol Europ\u00e9en et Catalan.<\/p>\n","protected":false},"author":1,"featured_media":0,"parent":0,"menu_order":0,"comment_status":"closed","ping_status":"closed","template":"","meta":[],"_links":{"self":[{"href":"https:\/\/www.construccionspirineu.ad\/fr\/wp-json\/wp\/v2\/pages\/5103"}],"collection":[{"href":"https:\/\/www.construccionspirineu.ad\/fr\/wp-json\/wp\/v2\/pages"}],"about":[{"href":"https:\/\/www.construccionspirineu.ad\/fr\/wp-json\/wp\/v2\/types\/page"}],"author":[{"embeddable":true,"href":"https:\/\/www.construccionspirineu.ad\/fr\/wp-json\/wp\/v2\/users\/1"}],"replies":[{"embeddable":true,"href":"https:\/\/www.construccionspirineu.ad\/fr\/wp-json\/wp\/v2\/comments?post=5103"}],"version-history":[{"count":4,"href":"https:\/\/www.construccionspirineu.ad\/fr\/wp-json\/wp\/v2\/pages\/5103\/revisions"}],"predecessor-version":[{"id":5125,"href":"https:\/\/www.construccionspirineu.ad\/fr\/wp-json\/wp\/v2\/pages\/5103\/revisions\/5125"}],"wp:attachment":[{"href":"https:\/\/www.construccionspirineu.ad\/fr\/wp-json\/wp\/v2\/media?parent=5103"}],"curies":[{"name":"wp","href":"https:\/\/api.w.org\/{rel}","templated":true}]}}