{"id":4238,"date":"2018-03-30T21:57:57","date_gmt":"2018-03-30T21:57:57","guid":{"rendered":"http:\/\/www.construccionspirineu.ad\/?page_id=4238"},"modified":"2018-03-30T22:48:41","modified_gmt":"2018-03-30T22:48:41","slug":"banys-2","status":"publish","type":"page","link":"https:\/\/www.construccionspirineu.ad\/fr\/banys-2\/","title":{"rendered":"(Espa\u00f1ol) BA\u00d1OS"},"content":{"rendered":"<p class=\"qtranxs-available-languages-message qtranxs-available-languages-message-fr\">D\u00e9sol\u00e9, cet article est seulement disponible en <a href=\"https:\/\/www.construccionspirineu.ad\/es\/wp-json\/wp\/v2\/pages\/4238\" class=\"qtranxs-available-language-link qtranxs-available-language-link-es\" title=\"Espa\u00f1ol\">Espagnol Europ\u00e9en<\/a> et <a href=\"https:\/\/www.construccionspirineu.ad\/ca\/wp-json\/wp\/v2\/pages\/4238\" class=\"qtranxs-available-language-link qtranxs-available-language-link-ca\" title=\"Catal\u00e0\">Catalan<\/a>.<\/p>","protected":false},"excerpt":{"rendered":"<p>D\u00e9sol\u00e9, cet article est seulement disponible en Espagnol Europ\u00e9en et Catalan.<\/p>\n","protected":false},"author":1,"featured_media":0,"parent":0,"menu_order":0,"comment_status":"closed","ping_status":"closed","template":"","meta":[],"_links":{"self":[{"href":"https:\/\/www.construccionspirineu.ad\/fr\/wp-json\/wp\/v2\/pages\/4238"}],"collection":[{"href":"https:\/\/www.construccionspirineu.ad\/fr\/wp-json\/wp\/v2\/pages"}],"about":[{"href":"https:\/\/www.construccionspirineu.ad\/fr\/wp-json\/wp\/v2\/types\/page"}],"author":[{"embeddable":true,"href":"https:\/\/www.construccionspirineu.ad\/fr\/wp-json\/wp\/v2\/users\/1"}],"replies":[{"embeddable":true,"href":"https:\/\/www.construccionspirineu.ad\/fr\/wp-json\/wp\/v2\/comments?post=4238"}],"version-history":[{"count":5,"href":"https:\/\/www.construccionspirineu.ad\/fr\/wp-json\/wp\/v2\/pages\/4238\/revisions"}],"predecessor-version":[{"id":4278,"href":"https:\/\/www.construccionspirineu.ad\/fr\/wp-json\/wp\/v2\/pages\/4238\/revisions\/4278"}],"wp:attachment":[{"href":"https:\/\/www.construccionspirineu.ad\/fr\/wp-json\/wp\/v2\/media?parent=4238"}],"curies":[{"name":"wp","href":"https:\/\/api.w.org\/{rel}","templated":true}]}}