{"id":194,"date":"2016-05-10T12:48:33","date_gmt":"2016-05-10T12:48:33","guid":{"rendered":"http:\/\/www.construccionspirineu.ad\/?page_id=194"},"modified":"2025-04-29T08:41:13","modified_gmt":"2025-04-29T08:41:13","slug":"cuines","status":"publish","type":"page","link":"https:\/\/www.construccionspirineu.ad\/fr\/cuines\/","title":{"rendered":"CUISINES"},"content":{"rendered":"<p><span style=\"color: #000080;\">Nous sommes <strong>importateurs et distributeurs exclusifs pour la Principaut\u00e9 d&rsquo;Andorre<\/strong> de la marque de cuisine <strong>Antalia<\/strong>.<br \/>\nAntalia est<strong> leader du march\u00e9 espagnol<\/strong>, ils offrent des cuisines sur mesure, exclusives, personnalis\u00e9es et fonctionnelles avec une <strong>garantie de 10 ans.<br \/>\n<\/strong><\/span><span style=\"color: #000080;\">Vous pouvez choisir parmi <strong>plus de 200 couleurs<\/strong> et <strong>5 finitions<\/strong> (m\u00e9lamine, stratifi\u00e9, synth\u00e9tique, laqu\u00e9 et bois).<\/span><\/p>\n<p><span style=\"color: #000080;\">D\u00e9sormais vous pouvez avoir une cuisine sur mesure et personnalis\u00e9e \u00e0 un prix imbattable.\u00a0<\/span><\/p>\n<p><span style=\"color: #000080;\">De plus, gr\u00e2ce \u00e0 <strong>Cuines Antalia<\/strong>, vous pouvez profiter de <strong>promotions constantes<\/strong>.<\/span><\/p>\n<div id=\"attachment_5172\" style=\"width: 375px\" class=\"wp-caption aligncenter\"><a href=\"http:\/\/www.construccionspirineu.ad\/proyecte-cuina-c-10\/\" rel=\"noopener\"><img aria-describedby=\"caption-attachment-5172\" loading=\"lazy\" class=\"wp-image-5172\" src=\"http:\/\/www.construccionspirineu.ad\/wp-content\/uploads\/2018\/11\/C-10.gif\" alt=\"\" width=\"365\" height=\"274\" \/><\/a><p id=\"caption-attachment-5172\" class=\"wp-caption-text\"><strong><span style=\"color: #000080;\">+ DETAILS PROJET C-10<\/span><\/strong><\/p><\/div>\n<div id=\"attachment_5127\" style=\"width: 362px\" class=\"wp-caption aligncenter\"><a href=\"http:\/\/www.construccionspirineu.ad\/proyecte-cuina-c-9\/\" rel=\"noopener\"><img aria-describedby=\"caption-attachment-5127\" loading=\"lazy\" class=\"wp-image-5127\" src=\"http:\/\/www.construccionspirineu.ad\/wp-content\/uploads\/2018\/11\/c-9.gif\" alt=\"\" width=\"352\" height=\"264\" \/><\/a><p id=\"caption-attachment-5127\" class=\"wp-caption-text\"><strong><span style=\"color: #000080;\">+ DETAILS PROJET C-9<\/span><\/strong><\/p><\/div>\n<div id=\"attachment_5083\" style=\"width: 364px\" class=\"wp-caption aligncenter\"><a href=\"http:\/\/www.construccionspirineu.ad\/proyecte-cuina-c-8\/\" rel=\"noopener\"><img aria-describedby=\"caption-attachment-5083\" loading=\"lazy\" class=\"wp-image-5083\" src=\"http:\/\/www.construccionspirineu.ad\/wp-content\/uploads\/2018\/11\/CUINA-C8.gif\" alt=\"\" width=\"354\" height=\"265\" \/><\/a><p id=\"caption-attachment-5083\" class=\"wp-caption-text\"><strong><span style=\"color: #000080;\">+ DETAILS PROJET C8<\/span><\/strong><\/p><\/div>\n<div id=\"attachment_5080\" style=\"width: 360px\" class=\"wp-caption aligncenter\"><a href=\"http:\/\/www.construccionspirineu.ad\/cuina-c-7\/\" rel=\"noopener\"><img aria-describedby=\"caption-attachment-5080\" loading=\"lazy\" class=\"wp-image-5080\" src=\"http:\/\/www.construccionspirineu.ad\/wp-content\/uploads\/2018\/11\/cuina-c-7.gif\" alt=\"\" width=\"350\" height=\"263\" \/><\/a><p id=\"caption-attachment-5080\" class=\"wp-caption-text\"><strong><span style=\"color: #000080;\">+ DETAILS PROJET C7<\/span><\/strong><\/p><\/div>\n<div id=\"attachment_4685\" style=\"width: 358px\" class=\"wp-caption aligncenter\"><a href=\"http:\/\/www.construccionspirineu.ad\/cuina-c-6\/\" rel=\"noopener\"><img aria-describedby=\"caption-attachment-4685\" loading=\"lazy\" class=\"wp-image-4685\" src=\"http:\/\/www.construccionspirineu.ad\/wp-content\/uploads\/2018\/05\/C6.gif\" alt=\"\" width=\"348\" height=\"261\" \/><\/a><p id=\"caption-attachment-4685\" class=\"wp-caption-text\"><strong><span style=\"color: #000080;\">+ DETAILS PROJET C6<\/span><\/strong><\/p><\/div>\n<div id=\"attachment_4655\" style=\"width: 353px\" class=\"wp-caption aligncenter\"><a href=\"http:\/\/www.construccionspirineu.ad\/cuines-c-5\/\" rel=\"noopener\"><img aria-describedby=\"caption-attachment-4655\" loading=\"lazy\" class=\"wp-image-4655\" src=\"http:\/\/www.construccionspirineu.ad\/wp-content\/uploads\/2018\/05\/C5.gif\" alt=\"\" width=\"343\" height=\"257\" \/><\/a><p id=\"caption-attachment-4655\" class=\"wp-caption-text\"><strong><span style=\"color: #000080;\">+ DETAILS PROJET C5<\/span><\/strong><\/p><\/div>\n<div id=\"attachment_4631\" style=\"width: 351px\" class=\"wp-caption aligncenter\"><a href=\"http:\/\/www.construccionspirineu.ad\/cuina-c-4\/\" rel=\"noopener\"><img aria-describedby=\"caption-attachment-4631\" loading=\"lazy\" class=\"wp-image-4631\" src=\"http:\/\/www.construccionspirineu.ad\/wp-content\/uploads\/2018\/05\/C4.gif\" alt=\"\" width=\"341\" height=\"256\" \/><\/a><p id=\"caption-attachment-4631\" class=\"wp-caption-text\"><strong><span style=\"color: #000080;\">+ DETAILS PROJET C4\u00a0<\/span><\/strong><\/p><\/div>\n<div id=\"attachment_4600\" style=\"width: 346px\" class=\"wp-caption aligncenter\"><a href=\"http:\/\/www.construccionspirineu.ad\/cuines-c-3\/\" rel=\"noopener\"><img aria-describedby=\"caption-attachment-4600\" loading=\"lazy\" class=\"wp-image-4600\" src=\"http:\/\/www.construccionspirineu.ad\/wp-content\/uploads\/2018\/05\/C3.gif\" alt=\"\" width=\"336\" height=\"336\" \/><\/a><p id=\"caption-attachment-4600\" class=\"wp-caption-text\"><strong><span style=\"color: #000080;\">+ DETAILS PROJET C3<\/span><\/strong><\/p><\/div>\n<div id=\"attachment_4555\" style=\"width: 341px\" class=\"wp-caption aligncenter\"><a href=\"http:\/\/www.construccionspirineu.ad\/cuines-c-2\/\"><img aria-describedby=\"caption-attachment-4555\" loading=\"lazy\" class=\"wp-image-4555\" src=\"http:\/\/www.construccionspirineu.ad\/wp-content\/uploads\/2018\/05\/C-2.gif\" alt=\"\" width=\"331\" height=\"248\" \/><\/a><p id=\"caption-attachment-4555\" class=\"wp-caption-text\"><strong><span style=\"color: #000080;\">+ DETAILS PROJET C2<\/span><\/strong><\/p><\/div>\n<div id=\"attachment_4521\" style=\"width: 337px\" class=\"wp-caption aligncenter\"><a href=\"http:\/\/www.construccionspirineu.ad\/cuina-c-1\/\" rel=\"noopener\"><img aria-describedby=\"caption-attachment-4521\" loading=\"lazy\" class=\"wp-image-4521\" src=\"http:\/\/www.construccionspirineu.ad\/wp-content\/uploads\/2018\/05\/A-1.gif\" alt=\"\" width=\"327\" height=\"327\" \/><\/a><p id=\"caption-attachment-4521\" class=\"wp-caption-text\"><strong><span style=\"color: #000080;\">+ DETAILS PROJET C1<\/span><\/strong><\/p><\/div>\n<p><span style=\"color: #000080;\">Nous sommes <strong>distributeurs <\/strong>de:<\/span><\/p>\n<p><a style=\"color: #333399;\" href=\"http:\/\/www.antaliacocinas.com\/cocinas\/\" target=\"_blank\" rel=\"noopener noreferrer\"><img loading=\"lazy\" class=\"wp-image-677 size-full\" src=\"http:\/\/www.construccionspirineu.ad\/wp-content\/uploads\/2016\/05\/logo-ANTALIA.png\" alt=\"logo ANTALIA\" width=\"155\" height=\"78\" srcset=\"https:\/\/www.construccionspirineu.ad\/wp-content\/uploads\/2016\/05\/logo-ANTALIA.png 155w, https:\/\/www.construccionspirineu.ad\/wp-content\/uploads\/2016\/05\/logo-ANTALIA-150x75.png 150w\" sizes=\"(max-width: 155px) 100vw, 155px\" \/><\/a><\/p>\n<p><a href=\"http:\/\/vanessamartyn.com\/www.vanessamartyn.com\/INTERIORISMO.html\" target=\"_blank\" rel=\"noopener noreferrer\"><img loading=\"lazy\" class=\"alignleft wp-image-3635\" src=\"http:\/\/www.construccionspirineu.ad\/wp-content\/uploads\/2016\/05\/01-10-2017-A.jpg\" alt=\"\" width=\"352\" height=\"156\" srcset=\"https:\/\/www.construccionspirineu.ad\/wp-content\/uploads\/2016\/05\/01-10-2017-A.jpg 1387w, https:\/\/www.construccionspirineu.ad\/wp-content\/uploads\/2016\/05\/01-10-2017-A-300x133.jpg 300w, https:\/\/www.construccionspirineu.ad\/wp-content\/uploads\/2016\/05\/01-10-2017-A-768x340.jpg 768w, https:\/\/www.construccionspirineu.ad\/wp-content\/uploads\/2016\/05\/01-10-2017-A-1024x453.jpg 1024w, https:\/\/www.construccionspirineu.ad\/wp-content\/uploads\/2016\/05\/01-10-2017-A-150x66.jpg 150w, https:\/\/www.construccionspirineu.ad\/wp-content\/uploads\/2016\/05\/01-10-2017-A-24x11.jpg 24w, https:\/\/www.construccionspirineu.ad\/wp-content\/uploads\/2016\/05\/01-10-2017-A-36x16.jpg 36w, https:\/\/www.construccionspirineu.ad\/wp-content\/uploads\/2016\/05\/01-10-2017-A-48x21.jpg 48w\" sizes=\"(max-width: 352px) 100vw, 352px\" \/><\/a><\/p>\n<div class=\"mceTemp\"><\/div>\n<p><\/p>","protected":false},"excerpt":{"rendered":"<p>Nous sommes importateurs et distributeurs exclusifs pour la Principaut\u00e9 d&rsquo;Andorre de la marque de cuisine Antalia. Antalia est leader du march\u00e9 espagnol, ils offrent des cuisines sur mesure, exclusives, personnalis\u00e9es et fonctionnelles avec une garantie de 10 ans. Vous pouvez choisir parmi plus de 200 couleurs et 5 finitions (m\u00e9lamine, stratifi\u00e9, synth\u00e9tique, laqu\u00e9 et bois)&#8230;.<\/p>\n","protected":false},"author":1,"featured_media":0,"parent":0,"menu_order":0,"comment_status":"closed","ping_status":"closed","template":"","meta":[],"_links":{"self":[{"href":"https:\/\/www.construccionspirineu.ad\/fr\/wp-json\/wp\/v2\/pages\/194"}],"collection":[{"href":"https:\/\/www.construccionspirineu.ad\/fr\/wp-json\/wp\/v2\/pages"}],"about":[{"href":"https:\/\/www.construccionspirineu.ad\/fr\/wp-json\/wp\/v2\/types\/page"}],"author":[{"embeddable":true,"href":"https:\/\/www.construccionspirineu.ad\/fr\/wp-json\/wp\/v2\/users\/1"}],"replies":[{"embeddable":true,"href":"https:\/\/www.construccionspirineu.ad\/fr\/wp-json\/wp\/v2\/comments?post=194"}],"version-history":[{"count":131,"href":"https:\/\/www.construccionspirineu.ad\/fr\/wp-json\/wp\/v2\/pages\/194\/revisions"}],"predecessor-version":[{"id":10556,"href":"https:\/\/www.construccionspirineu.ad\/fr\/wp-json\/wp\/v2\/pages\/194\/revisions\/10556"}],"wp:attachment":[{"href":"https:\/\/www.construccionspirineu.ad\/fr\/wp-json\/wp\/v2\/media?parent=194"}],"curies":[{"name":"wp","href":"https:\/\/api.w.org\/{rel}","templated":true}]}}