{"id":519,"date":"2016-05-12T22:43:21","date_gmt":"2016-05-12T22:43:21","guid":{"rendered":"http:\/\/www.construccionspirineu.ad\/?page_id=519"},"modified":"2016-07-04T11:04:15","modified_gmt":"2016-07-04T11:04:15","slug":"oferta-pirineu-estufa-pellets-cadel","status":"publish","type":"page","link":"https:\/\/www.construccionspirineu.ad\/es\/oferta-pirineu-estufa-pellets-cadel\/","title":{"rendered":"ESTUFA CADEL"},"content":{"rendered":"<p><a href=\"http:\/\/www.construccionspirineu.ad\/es\/548-2\/\"><img loading=\"lazy\" class=\"alignright wp-image-1717 size-full\" src=\"http:\/\/www.construccionspirineu.ad\/wp-content\/uploads\/2016\/05\/detall-estufa-cadel-esp.gif\" alt=\"detall-estufa-cadel-esp\" width=\"1249\" height=\"300\" \/><\/a><\/p>\n<p>&nbsp;<\/p>\n<div id=\"attachment_1725\" style=\"width: 371px\" class=\"wp-caption alignleft\"><a href=\"http:\/\/www.boschmarin.com\/productos-a-pellet\/estufas-a-pellet-aire\/estufa-a-pellet-EVO-8,5kw\" target=\"_blank\"><img aria-describedby=\"caption-attachment-1725\" loading=\"lazy\" class=\"wp-image-1725 size-full\" src=\"http:\/\/www.construccionspirineu.ad\/wp-content\/uploads\/2016\/05\/est-cdl.gif\" alt=\"est-cdl\" width=\"361\" height=\"331\" \/><\/a><p id=\"caption-attachment-1725\" class=\"wp-caption-text\"><span style=\"color: #333399;\"><strong>ESTUFA PELLETS CADEL EVO 8,5KW &#8211;<\/strong> \u00a0 \u00a0 \u00a0 \u00a0 \u00a0 \u00a0 \u00a0 \u00a0 \u00a0 \u00a0 \u00a0 \u00a0 \u00a0 \u00a0 \u00a0 \u00a0 \u00a0 Potencia termina nominal (kW): 8,5 kW, para calentar una superficie de unos<strong> 85m2 + &#8211;<\/strong> &#8211; Rendimiento energ\u00e9tico <strong>90%<\/strong> &#8211; <strong>18 Litros<\/strong> de capacidad del dep\u00f3sito de pellts &#8211; A escoja entre de<strong> 4 colores<\/strong> &#8211; Programador <strong>diario<\/strong>, <strong>fin de semana<\/strong> y <strong>semanal<\/strong> &#8211; Sensor de nivel de Pellets &#8211; Sensor de temperatura de humo &#8211; Sensor de temperatura de la chimenea &#8211; Mando a distancia &#8211; <strong>Ahorro con el coste mensual respecto a la le\u00f1a de hasta el 80%, es decir, si una vivienda gasta en le\u00f1a unos 75 \u20ac mensuales puede pasar a gastar solo 18 \u20ac + &#8211;<\/strong><\/span><\/p><\/div>\n<div id=\"attachment_1735\" style=\"width: 371px\" class=\"wp-caption alignleft\"><img aria-describedby=\"caption-attachment-1735\" loading=\"lazy\" class=\"wp-image-1735 size-full\" src=\"http:\/\/www.construccionspirineu.ad\/wp-content\/uploads\/2016\/05\/materiales-estufa.gif\" alt=\"materiales-estufa\" width=\"361\" height=\"335\" \/><p id=\"caption-attachment-1735\" class=\"wp-caption-text\"><span style=\"color: #333399;\"><strong>MATERIALES VARIOS<\/strong> &#8211; Tubos para la conexion de la estufa\u00a0hasta los tubos existente, material incluido hasta 3 metros lineas (tubo recta fija y extensible, codos de 90 y 45 grados, adaptador de chimenea tubo de 80mm y adaptador de 80mm chimenea existente), silicona ign\u00edfuga &#8211; Placas de placo ign\u00edfugas &#8211; Lana de roca ign\u00edfuga &#8211; Tornillos para placo &#8211; Cinta uni\u00f3n placo &#8211; Pasta para juntas placo &#8211; Mortero seco \u00abSika\u00bb &#8211; Pintura para placo<\/span><\/p><\/div>\n<p>&nbsp;<\/p>\n<p>&nbsp;<\/p>\n<p>&nbsp;<\/p>\n<p>&nbsp;<\/p>\n<p>&nbsp;<\/p>\n<p>&nbsp;<\/p>\n<p>&nbsp;<\/p>\n<p>&nbsp;<\/p>\n<p>&nbsp;<\/p>\n<p>&nbsp;<\/p>\n<p>&nbsp;<\/p>\n<p>&nbsp;<\/p>\n<p>&nbsp;<\/p>\n<p>&nbsp;<\/p>\n<p>&nbsp;<\/p>\n<p>&nbsp;<\/p>\n<p>&nbsp;<\/p>\n<p>&nbsp;<\/p>\n<p>&nbsp;<\/p>\n<div id=\"attachment_1747\" style=\"width: 177px\" class=\"wp-caption alignnone\"><img aria-describedby=\"caption-attachment-1747\" loading=\"lazy\" class=\"wp-image-1747 size-full\" src=\"http:\/\/www.construccionspirineu.ad\/wp-content\/uploads\/2016\/05\/pas-1-estufa.gif\" alt=\"pas-1-estufa\" width=\"167\" height=\"335\" \/><p id=\"caption-attachment-1747\" class=\"wp-caption-text\"><span style=\"color: #333399;\"><strong>INSTALACI\u00d3N PASO 1<\/strong>: En primer lugar se procede a retirar la chimenea antigua si es necesario, retirar el placo y estructura de placo antigua<\/span><\/p><\/div>\n<div id=\"attachment_1746\" style=\"width: 177px\" class=\"wp-caption alignnone\"><img aria-describedby=\"caption-attachment-1746\" loading=\"lazy\" class=\"wp-image-1746 size-full\" src=\"http:\/\/www.construccionspirineu.ad\/wp-content\/uploads\/2016\/05\/pas-2-estufa.gif\" alt=\"pas-2-estufa\" width=\"167\" height=\"333\" \/><p id=\"caption-attachment-1746\" class=\"wp-caption-text\"><span style=\"color: #333399;\"><strong>INSTALACI\u00d3N PASO 2<\/strong>: Despu\u00e9s se realiza el desescombro de todo y limpieza, tambi\u00e9n se hace la base de apoyo en el suelo<\/span><\/p><\/div>\n<div id=\"attachment_1745\" style=\"width: 177px\" class=\"wp-caption alignnone\"><img aria-describedby=\"caption-attachment-1745\" loading=\"lazy\" class=\"wp-image-1745 size-full\" src=\"http:\/\/www.construccionspirineu.ad\/wp-content\/uploads\/2016\/05\/pas-3-estufa.gif\" alt=\"pas-3-estufa\" width=\"167\" height=\"333\" \/><p id=\"caption-attachment-1745\" class=\"wp-caption-text\"><span style=\"color: #333399;\"><strong>INSTALACI\u00d3N PASO 3<\/strong>: El siguiente paso se\u00a0realiza la conexion desde la nueva estufa de pellets hasta tubo de chimenea existente<\/span><\/p><\/div>\n<div id=\"attachment_1744\" style=\"width: 177px\" class=\"wp-caption alignnone\"><img aria-describedby=\"caption-attachment-1744\" loading=\"lazy\" class=\"wp-image-1744 size-full\" src=\"http:\/\/www.construccionspirineu.ad\/wp-content\/uploads\/2016\/05\/pas-4-estufa.gif\" alt=\"pas-4-estufa\" width=\"167\" height=\"333\" \/><p id=\"caption-attachment-1744\" class=\"wp-caption-text\"><span style=\"color: #333399;\"><strong>INSTALACI\u00d3N PASO 4<\/strong>: En este momento se procede\u00a0a volver a instalar el placo, pintar la pared, instalar la estufa y hacer la puesta en marcha<\/span><\/p><\/div>\n<div id=\"attachment_1792\" style=\"width: 177px\" class=\"wp-caption alignleft\"><img aria-describedby=\"caption-attachment-1792\" loading=\"lazy\" class=\"wp-image-1792 size-full\" src=\"http:\/\/www.construccionspirineu.ad\/wp-content\/uploads\/2016\/05\/FINAL-EST-CADEL.gif\" alt=\"FINAL-EST-CADEL\" width=\"167\" height=\"333\" \/><p id=\"caption-attachment-1792\" class=\"wp-caption-text\"><span style=\"color: #333399;\"><strong>FINAL<\/strong>: Estos es el resultado final, elegante, moderno y sobre todo, muy pero que muy pr\u00e1ctico, funcional y economico<\/span><\/p><\/div>\n<p>&nbsp;<\/p>\n<p>&nbsp;<\/p>\n<p>&nbsp;<\/p>\n<p>&nbsp;<\/p>\n<p>&nbsp;<\/p>\n<p>&nbsp;<\/p>\n<p>&nbsp;<\/p>\n<p>&nbsp;<\/p>\n<p>&nbsp;<\/p>\n<p>&nbsp;<\/p>\n<p>&nbsp;<\/p>\n<p>&nbsp;<\/p>\n<p>&nbsp;<\/p>\n<p>&nbsp;<\/p>\n<p>&nbsp;<\/p>\n<p>&nbsp;<\/p>\n<p>&nbsp;<\/p>\n<div id=\"attachment_2127\" style=\"width: 237px\" class=\"wp-caption alignleft\"><a href=\"http:\/\/www.construccionspirineu.ad\/es\/ofertes\/\"><img aria-describedby=\"caption-attachment-2127\" loading=\"lazy\" class=\"wp-image-2127 size-full\" src=\"http:\/\/www.construccionspirineu.ad\/wp-content\/uploads\/2016\/05\/OFERTAS.gif\" alt=\"OFERTAS\" width=\"227\" height=\"227\" \/><\/a><p id=\"caption-attachment-2127\" class=\"wp-caption-text\"><strong><span style=\"color: #000080;\">VOLVER A OFERTAS<\/span><\/strong><\/p><\/div>\n<p>&nbsp;<\/p>\n<p><div id=\"attachment_549\" style=\"width: 144px\" class=\"wp-caption alignright\"><a href=\"http:\/\/www.construccionspirineu.ad\/es\/548-2\/\"><img aria-describedby=\"caption-attachment-549\" loading=\"lazy\" class=\"wp-image-549\" src=\"http:\/\/www.construccionspirineu.ad\/wp-content\/uploads\/2016\/05\/contacto.jpg\" alt=\"contacto\" width=\"134\" height=\"91\" srcset=\"https:\/\/www.construccionspirineu.ad\/wp-content\/uploads\/2016\/05\/contacto.jpg 474w, https:\/\/www.construccionspirineu.ad\/wp-content\/uploads\/2016\/05\/contacto-300x204.jpg 300w, https:\/\/www.construccionspirineu.ad\/wp-content\/uploads\/2016\/05\/contacto-150x102.jpg 150w\" sizes=\"(max-width: 134px) 100vw, 134px\" \/><\/a><p id=\"caption-attachment-549\" class=\"wp-caption-text\"><span style=\"color: #333399;\">CONTACTENOS<\/span><\/p><\/div><\/p>","protected":false},"excerpt":{"rendered":"<p>&nbsp; &nbsp; &nbsp; &nbsp; &nbsp; &nbsp; &nbsp; &nbsp; &nbsp; &nbsp; &nbsp; &nbsp; &nbsp; &nbsp; &nbsp; &nbsp; &nbsp; &nbsp; &nbsp; &nbsp; &nbsp; &nbsp; &nbsp; &nbsp; &nbsp; &nbsp; &nbsp; &nbsp; &nbsp; &nbsp; &nbsp; &nbsp; &nbsp; &nbsp; &nbsp; &nbsp; &nbsp; &nbsp;<\/p>\n","protected":false},"author":1,"featured_media":0,"parent":0,"menu_order":0,"comment_status":"closed","ping_status":"closed","template":"","meta":[],"_links":{"self":[{"href":"https:\/\/www.construccionspirineu.ad\/es\/wp-json\/wp\/v2\/pages\/519"}],"collection":[{"href":"https:\/\/www.construccionspirineu.ad\/es\/wp-json\/wp\/v2\/pages"}],"about":[{"href":"https:\/\/www.construccionspirineu.ad\/es\/wp-json\/wp\/v2\/types\/page"}],"author":[{"embeddable":true,"href":"https:\/\/www.construccionspirineu.ad\/es\/wp-json\/wp\/v2\/users\/1"}],"replies":[{"embeddable":true,"href":"https:\/\/www.construccionspirineu.ad\/es\/wp-json\/wp\/v2\/comments?post=519"}],"version-history":[{"count":56,"href":"https:\/\/www.construccionspirineu.ad\/es\/wp-json\/wp\/v2\/pages\/519\/revisions"}],"predecessor-version":[{"id":2358,"href":"https:\/\/www.construccionspirineu.ad\/es\/wp-json\/wp\/v2\/pages\/519\/revisions\/2358"}],"wp:attachment":[{"href":"https:\/\/www.construccionspirineu.ad\/es\/wp-json\/wp\/v2\/media?parent=519"}],"curies":[{"name":"wp","href":"https:\/\/api.w.org\/{rel}","templated":true}]}}