{"id":4285,"date":"2018-04-02T16:09:30","date_gmt":"2018-04-02T16:09:30","guid":{"rendered":"http:\/\/www.construccionspirineu.ad\/?page_id=4285"},"modified":"2025-04-29T08:43:12","modified_gmt":"2025-04-29T08:43:12","slug":"que-fem","status":"publish","type":"page","link":"https:\/\/www.construccionspirineu.ad\/es\/que-fem\/","title":{"rendered":"QUE HACEMOS"},"content":{"rendered":"<p><span style=\"color: #000080;\"><span title=\"Primer de tot explicar que l'estructura que t\u00e9 CONSTRUCCIONS PIRINEU per realitzar els seus projectes inclouen una interiorista www.vanessamartyn.com i personal propi per poder realitzar tots els treballs i \/ o oficis que inclou un projecte. \">La estructura de <span title=\"Un cop s'han realitzat tots aquests passos i el client ha donat la seva conformitat al projecte presentat per CONSTRUCCIONS PIRINEU.\"><strong>CONSTRUCCIONS PIRINEU<\/strong><\/span> incluye una interiorista (<a href=\"https:\/\/vanessamartyn.com\/www.vanessamartyn.com\/INTERIORISMO.html\">Vanessa Martyn<\/a>) para realizar sus proyectos<strong>\u00a0<\/strong><\/span><span id=\"result_box\" class=\"\" lang=\"es\"><span title=\"Primer de tot explicar que l'estructura que t\u00e9 CONSTRUCCIONS PIRINEU per realitzar els seus projectes inclouen una interiorista www.vanessamartyn.com i personal propi per poder realitzar tots els treballs i \/ o oficis que inclou un projecte. \">y <strong>personal propio<\/strong> para poder realizar <strong>todos los trabajos y \/ o oficios<\/strong> que incluye un proyecto.<\/span><\/span><\/span><\/p>\n<p><span style=\"color: #000080;\"><span title=\"La nostra interiorista www.vanessamartyn.com i el nostre personal, fan que tot sigui m\u00e9s f\u00e0cil, aix\u00ed com una garantia de cara al client, ja que gr\u00e0cies a ells, s'adapten totes les idees del client aix\u00ed com les noves idees que li\">Nuestra <strong>interiorista\u00a0<\/strong>y nuestro personal hacen que todo sea m\u00e1s f\u00e1cil, y son una garant\u00eda de cara al cliente, ya que se adaptan a todas las ideas del cliente as\u00ed como las nuevas ideas que le <\/span><span title=\"puguem oferir en un pack, perqu\u00e8 tot sigui senzill, funcional i pr\u00e0ctic. \">podamos <strong>ofrecer en un pack<\/strong>, para que todo sea <strong>sencillo, funcional y pr\u00e1ctico<\/strong>.<\/span><\/span><\/p>\n<p><span style=\"color: #000080;\" title=\"A continuaci\u00f3 detallem els passos que segueixen els nostres projectes: \">A continuaci\u00f3n detallamos los pasos que siguen nuestros proyectos:<\/span><\/p>\n<p><img loading=\"lazy\" class=\"size-full wp-image-4512 aligncenter\" src=\"http:\/\/www.construccionspirineu.ad\/wp-content\/uploads\/2018\/05\/que-fem-1.gif\" alt=\"\" width=\"500\" height=\"500\" \/><\/p>\n<p><span style=\"color: #000080;\"><span title=\"A- Es realitza una trobada amb els clients al lloc a realitzar el projecte, per con\u00e8ixer les idees de cada client i les seves necessitats(sense comprom\u00eds). \"><strong>A<\/strong>&#8211; Se realiza un encuentro con los clientes en el lugar a realizar el proyecto para conocer las ideas de cada cliente y sus necesidades.<br \/>\n<\/span><span title=\"B- El mateix dia de la trobada es prenen mesures i es fam els croquis del lloc a realizar el proyecte, es detallent els treballs i els oficis que son necesaris per al proyecte(sense comprom\u00eds). \"><strong>B<\/strong>&#8211; El mismo d\u00eda del encuentro se toman medidas y se hacen los croquis del lugar a realizar el proyecto, se detallar\u00e1n los trabajos y los oficios que son necesarios para el proyecto.<br \/>\n<\/span><span title=\"C- La nostra interiorista juntament amb el responsable de proyectes realitzant un pressupost tancat, amb dissenys 3D, planols e imatges de com quedara el proyecte(sense comprom\u00eds). \"><strong>C<\/strong>&#8211; Nuestra <strong>interiorista<\/strong><strong>\u00a0<\/strong>junto con el responsable de proyectos realizan un presupuesto cerrado, con dise\u00f1os 3D, planos e im\u00e1genes de c\u00f3mo quedar\u00e1 el proyecto.<\/span><\/span><\/p>\n<div id=\"attachment_5395\" style=\"width: 1930px\" class=\"wp-caption aligncenter\"><img aria-describedby=\"caption-attachment-5395\" loading=\"lazy\" class=\"wp-image-5395 size-full\" src=\"http:\/\/www.construccionspirineu.ad\/wp-content\/uploads\/2018\/12\/764ee5fc80a4f67d69f5490cb75092a076266236.jpg\" alt=\"\" width=\"1920\" height=\"1080\" srcset=\"https:\/\/www.construccionspirineu.ad\/wp-content\/uploads\/2018\/12\/764ee5fc80a4f67d69f5490cb75092a076266236.jpg 1920w, https:\/\/www.construccionspirineu.ad\/wp-content\/uploads\/2018\/12\/764ee5fc80a4f67d69f5490cb75092a076266236-300x169.jpg 300w, https:\/\/www.construccionspirineu.ad\/wp-content\/uploads\/2018\/12\/764ee5fc80a4f67d69f5490cb75092a076266236-768x432.jpg 768w, https:\/\/www.construccionspirineu.ad\/wp-content\/uploads\/2018\/12\/764ee5fc80a4f67d69f5490cb75092a076266236-1024x576.jpg 1024w, https:\/\/www.construccionspirineu.ad\/wp-content\/uploads\/2018\/12\/764ee5fc80a4f67d69f5490cb75092a076266236-150x84.jpg 150w, https:\/\/www.construccionspirineu.ad\/wp-content\/uploads\/2018\/12\/764ee5fc80a4f67d69f5490cb75092a076266236-24x14.jpg 24w, https:\/\/www.construccionspirineu.ad\/wp-content\/uploads\/2018\/12\/764ee5fc80a4f67d69f5490cb75092a076266236-36x20.jpg 36w, https:\/\/www.construccionspirineu.ad\/wp-content\/uploads\/2018\/12\/764ee5fc80a4f67d69f5490cb75092a076266236-48x27.jpg 48w\" sizes=\"(max-width: 1920px) 100vw, 1920px\" \/><p id=\"caption-attachment-5395\" class=\"wp-caption-text\"><strong><span style=\"color: #000080;\">DISE\u00d1OS 3D<\/span><\/strong><\/p><\/div>\n<div id=\"attachment_5396\" style=\"width: 1930px\" class=\"wp-caption aligncenter\"><img aria-describedby=\"caption-attachment-5396\" loading=\"lazy\" class=\"wp-image-5396 size-full\" src=\"http:\/\/www.construccionspirineu.ad\/wp-content\/uploads\/2018\/12\/832b931e8160d66786107dd1043d370d41cf9dd2.jpg\" alt=\"\" width=\"1920\" height=\"1080\" srcset=\"https:\/\/www.construccionspirineu.ad\/wp-content\/uploads\/2018\/12\/832b931e8160d66786107dd1043d370d41cf9dd2.jpg 1920w, https:\/\/www.construccionspirineu.ad\/wp-content\/uploads\/2018\/12\/832b931e8160d66786107dd1043d370d41cf9dd2-300x169.jpg 300w, https:\/\/www.construccionspirineu.ad\/wp-content\/uploads\/2018\/12\/832b931e8160d66786107dd1043d370d41cf9dd2-768x432.jpg 768w, https:\/\/www.construccionspirineu.ad\/wp-content\/uploads\/2018\/12\/832b931e8160d66786107dd1043d370d41cf9dd2-1024x576.jpg 1024w, https:\/\/www.construccionspirineu.ad\/wp-content\/uploads\/2018\/12\/832b931e8160d66786107dd1043d370d41cf9dd2-150x84.jpg 150w, https:\/\/www.construccionspirineu.ad\/wp-content\/uploads\/2018\/12\/832b931e8160d66786107dd1043d370d41cf9dd2-24x14.jpg 24w, https:\/\/www.construccionspirineu.ad\/wp-content\/uploads\/2018\/12\/832b931e8160d66786107dd1043d370d41cf9dd2-36x20.jpg 36w, https:\/\/www.construccionspirineu.ad\/wp-content\/uploads\/2018\/12\/832b931e8160d66786107dd1043d370d41cf9dd2-48x27.jpg 48w\" sizes=\"(max-width: 1920px) 100vw, 1920px\" \/><p id=\"caption-attachment-5396\" class=\"wp-caption-text\"><strong><span style=\"color: #000080;\">DISE\u00d1OS 3D<\/span><\/strong><\/p><\/div>\n<p><span style=\"color: #000080;\" title=\"D- Es torna a realitza una trobada amb el client, ja sigui al lloc a realitzar el projecte o a les nostres instal\u00b7lacions, per presentar el pressupost del projecte i els materials escollits(sense comprom\u00eds). \"><strong>D<\/strong>&#8211; Se vuelve a realizar un encuentro con el cliente, ya sea en el lugar a realizar el proyecto o en nuestras instalaciones, para presentar el presupuesto del proyecto y los materiales escogidos.<\/span><\/p>\n<p><img loading=\"lazy\" class=\" wp-image-4517 aligncenter\" src=\"http:\/\/www.construccionspirineu.ad\/wp-content\/uploads\/2018\/05\/que-fem-2.gif\" alt=\"\" width=\"516\" height=\"516\" \/><\/p>\n<p><span style=\"color: #000080;\"><span title=\"D- Es torna a realitza una trobada amb el client, ja sigui al lloc a realitzar el projecte o a les nostres instal\u00b7lacions, per presentar el pressupost del projecte i els materials escollits(sense comprom\u00eds). \"><br \/>\n<\/span><span title=\"Un cop s'han realitzat tots aquests passos i el client ha donat la seva conformitat al projecte presentat per CONSTRUCCIONS PIRINEU.\">Una vez se han realizado todos estos pasos y el cliente ha dado su conformidad al proyecto presentado por <strong>CONSTRUCCIONS PIRINEU <\/strong><\/span><span title=\"Es d\u00f3na data d'inici del projecte.\">se da fecha de inicio del proyecto.<\/span><\/span><\/p>\n<p><span style=\"color: #000080;\"><span title=\"Que estar\u00e0 des de l'inici i fins al final supervisat per la nostra interiorista i executat pel nostre personal. \">El proyecto estar\u00e1 supervisado por nuestra <span style=\"color: #000080;\" title=\"El fet de tenir una interiorista www.vanessamartyn.com sense cost per al client, fa que sigui una garantia i alhora un valor afegit que li ofereix el nostra projecte.\"><strong>interiorista<\/strong><\/span> y ejecutado por nuestro propio personal desde el inicio y hasta el final.<\/span><\/span><\/p>\n<p>&nbsp;<\/p>\n<p>&nbsp;<\/p>\n<p><a href=\"http:\/\/vanessamartyn.com\/www.vanessamartyn.com\/INTERIORISMO.html\" target=\"_blank\" rel=\"noopener noreferrer\"><img loading=\"lazy\" class=\"alignleft wp-image-3635\" src=\"http:\/\/www.construccionspirineu.ad\/wp-content\/uploads\/2016\/05\/01-10-2017-A.jpg\" alt=\"\" width=\"352\" height=\"156\" srcset=\"https:\/\/www.construccionspirineu.ad\/wp-content\/uploads\/2016\/05\/01-10-2017-A.jpg 1387w, https:\/\/www.construccionspirineu.ad\/wp-content\/uploads\/2016\/05\/01-10-2017-A-300x133.jpg 300w, https:\/\/www.construccionspirineu.ad\/wp-content\/uploads\/2016\/05\/01-10-2017-A-768x340.jpg 768w, https:\/\/www.construccionspirineu.ad\/wp-content\/uploads\/2016\/05\/01-10-2017-A-1024x453.jpg 1024w, https:\/\/www.construccionspirineu.ad\/wp-content\/uploads\/2016\/05\/01-10-2017-A-150x66.jpg 150w, https:\/\/www.construccionspirineu.ad\/wp-content\/uploads\/2016\/05\/01-10-2017-A-24x11.jpg 24w, https:\/\/www.construccionspirineu.ad\/wp-content\/uploads\/2016\/05\/01-10-2017-A-36x16.jpg 36w, https:\/\/www.construccionspirineu.ad\/wp-content\/uploads\/2016\/05\/01-10-2017-A-48x21.jpg 48w\" sizes=\"(max-width: 352px) 100vw, 352px\" \/><\/a><\/p>\n<div class=\"mceTemp\"><\/div>\n<p><\/p>","protected":false},"excerpt":{"rendered":"<p>La estructura de CONSTRUCCIONS PIRINEU incluye una interiorista (Vanessa Martyn) para realizar sus proyectos\u00a0y personal propio para poder realizar todos los trabajos y \/ o oficios que incluye un proyecto. Nuestra interiorista\u00a0y nuestro personal hacen que todo sea m\u00e1s f\u00e1cil, y son una garant\u00eda de cara al cliente, ya que se adaptan a todas las&#8230;<\/p>\n","protected":false},"author":1,"featured_media":0,"parent":0,"menu_order":0,"comment_status":"closed","ping_status":"closed","template":"","meta":[],"_links":{"self":[{"href":"https:\/\/www.construccionspirineu.ad\/es\/wp-json\/wp\/v2\/pages\/4285"}],"collection":[{"href":"https:\/\/www.construccionspirineu.ad\/es\/wp-json\/wp\/v2\/pages"}],"about":[{"href":"https:\/\/www.construccionspirineu.ad\/es\/wp-json\/wp\/v2\/types\/page"}],"author":[{"embeddable":true,"href":"https:\/\/www.construccionspirineu.ad\/es\/wp-json\/wp\/v2\/users\/1"}],"replies":[{"embeddable":true,"href":"https:\/\/www.construccionspirineu.ad\/es\/wp-json\/wp\/v2\/comments?post=4285"}],"version-history":[{"count":35,"href":"https:\/\/www.construccionspirineu.ad\/es\/wp-json\/wp\/v2\/pages\/4285\/revisions"}],"predecessor-version":[{"id":10446,"href":"https:\/\/www.construccionspirineu.ad\/es\/wp-json\/wp\/v2\/pages\/4285\/revisions\/10446"}],"wp:attachment":[{"href":"https:\/\/www.construccionspirineu.ad\/es\/wp-json\/wp\/v2\/media?parent=4285"}],"curies":[{"name":"wp","href":"https:\/\/api.w.org\/{rel}","templated":true}]}}