{"id":3210,"date":"2017-05-15T22:41:52","date_gmt":"2017-05-15T22:41:52","guid":{"rendered":"http:\/\/www.construccionspirineu.ad\/?page_id=3210"},"modified":"2024-11-28T08:08:49","modified_gmt":"2024-11-28T08:08:49","slug":"toalloler","status":"publish","type":"page","link":"https:\/\/www.construccionspirineu.ad\/es\/toalloler\/","title":{"rendered":"Radiador toallero"},"content":{"rendered":"<p><span style=\"color: #000080;\"><strong>Incluye nueva instalaci\u00f3n en el lugar elegido, con nuevos tubos, v\u00e1lvula termost\u00e1tica, tap\u00f3n ciego y detentor.<\/strong><\/span><\/p>\n<p><img loading=\"lazy\" class=\"aligncenter size-full wp-image-10368\" src=\"https:\/\/www.construccionspirineu.ad\/wp-content\/uploads\/2024\/11\/IMG_9629-scaled.jpg\" alt=\"\" width=\"1920\" height=\"2560\" srcset=\"https:\/\/www.construccionspirineu.ad\/wp-content\/uploads\/2024\/11\/IMG_9629-scaled.jpg 1920w, https:\/\/www.construccionspirineu.ad\/wp-content\/uploads\/2024\/11\/IMG_9629-225x300.jpg 225w, https:\/\/www.construccionspirineu.ad\/wp-content\/uploads\/2024\/11\/IMG_9629-768x1024.jpg 768w, https:\/\/www.construccionspirineu.ad\/wp-content\/uploads\/2024\/11\/IMG_9629-1152x1536.jpg 1152w, https:\/\/www.construccionspirineu.ad\/wp-content\/uploads\/2024\/11\/IMG_9629-1536x2048.jpg 1536w, https:\/\/www.construccionspirineu.ad\/wp-content\/uploads\/2024\/11\/IMG_9629-113x150.jpg 113w, https:\/\/www.construccionspirineu.ad\/wp-content\/uploads\/2024\/11\/IMG_9629-18x24.jpg 18w, https:\/\/www.construccionspirineu.ad\/wp-content\/uploads\/2024\/11\/IMG_9629-27x36.jpg 27w, https:\/\/www.construccionspirineu.ad\/wp-content\/uploads\/2024\/11\/IMG_9629-36x48.jpg 36w\" sizes=\"(max-width: 1920px) 100vw, 1920px\" \/> <img loading=\"lazy\" class=\"aligncenter size-full wp-image-10369\" src=\"https:\/\/www.construccionspirineu.ad\/wp-content\/uploads\/2024\/11\/IMG_9688-scaled.jpg\" alt=\"\" width=\"2560\" height=\"1920\" srcset=\"https:\/\/www.construccionspirineu.ad\/wp-content\/uploads\/2024\/11\/IMG_9688-scaled.jpg 2560w, https:\/\/www.construccionspirineu.ad\/wp-content\/uploads\/2024\/11\/IMG_9688-300x225.jpg 300w, https:\/\/www.construccionspirineu.ad\/wp-content\/uploads\/2024\/11\/IMG_9688-1024x768.jpg 1024w, https:\/\/www.construccionspirineu.ad\/wp-content\/uploads\/2024\/11\/IMG_9688-768x576.jpg 768w, https:\/\/www.construccionspirineu.ad\/wp-content\/uploads\/2024\/11\/IMG_9688-1536x1152.jpg 1536w, https:\/\/www.construccionspirineu.ad\/wp-content\/uploads\/2024\/11\/IMG_9688-2048x1536.jpg 2048w, https:\/\/www.construccionspirineu.ad\/wp-content\/uploads\/2024\/11\/IMG_9688-150x113.jpg 150w, https:\/\/www.construccionspirineu.ad\/wp-content\/uploads\/2024\/11\/IMG_9688-24x18.jpg 24w, https:\/\/www.construccionspirineu.ad\/wp-content\/uploads\/2024\/11\/IMG_9688-36x27.jpg 36w, https:\/\/www.construccionspirineu.ad\/wp-content\/uploads\/2024\/11\/IMG_9688-48x36.jpg 48w\" sizes=\"(max-width: 2560px) 100vw, 2560px\" \/> <img loading=\"lazy\" class=\"aligncenter size-full wp-image-10370\" src=\"https:\/\/www.construccionspirineu.ad\/wp-content\/uploads\/2024\/11\/IMG_9692-scaled.jpg\" alt=\"\" width=\"1920\" height=\"2560\" srcset=\"https:\/\/www.construccionspirineu.ad\/wp-content\/uploads\/2024\/11\/IMG_9692-scaled.jpg 1920w, https:\/\/www.construccionspirineu.ad\/wp-content\/uploads\/2024\/11\/IMG_9692-225x300.jpg 225w, https:\/\/www.construccionspirineu.ad\/wp-content\/uploads\/2024\/11\/IMG_9692-768x1024.jpg 768w, https:\/\/www.construccionspirineu.ad\/wp-content\/uploads\/2024\/11\/IMG_9692-1152x1536.jpg 1152w, https:\/\/www.construccionspirineu.ad\/wp-content\/uploads\/2024\/11\/IMG_9692-1536x2048.jpg 1536w, https:\/\/www.construccionspirineu.ad\/wp-content\/uploads\/2024\/11\/IMG_9692-113x150.jpg 113w, https:\/\/www.construccionspirineu.ad\/wp-content\/uploads\/2024\/11\/IMG_9692-18x24.jpg 18w, https:\/\/www.construccionspirineu.ad\/wp-content\/uploads\/2024\/11\/IMG_9692-27x36.jpg 27w, https:\/\/www.construccionspirineu.ad\/wp-content\/uploads\/2024\/11\/IMG_9692-36x48.jpg 36w\" sizes=\"(max-width: 1920px) 100vw, 1920px\" \/><\/p>","protected":false},"excerpt":{"rendered":"<p>Incluye nueva instalaci\u00f3n en el lugar elegido, con nuevos tubos, v\u00e1lvula termost\u00e1tica, tap\u00f3n ciego y detentor.<\/p>\n","protected":false},"author":1,"featured_media":0,"parent":0,"menu_order":0,"comment_status":"closed","ping_status":"closed","template":"","meta":[],"_links":{"self":[{"href":"https:\/\/www.construccionspirineu.ad\/es\/wp-json\/wp\/v2\/pages\/3210"}],"collection":[{"href":"https:\/\/www.construccionspirineu.ad\/es\/wp-json\/wp\/v2\/pages"}],"about":[{"href":"https:\/\/www.construccionspirineu.ad\/es\/wp-json\/wp\/v2\/types\/page"}],"author":[{"embeddable":true,"href":"https:\/\/www.construccionspirineu.ad\/es\/wp-json\/wp\/v2\/users\/1"}],"replies":[{"embeddable":true,"href":"https:\/\/www.construccionspirineu.ad\/es\/wp-json\/wp\/v2\/comments?post=3210"}],"version-history":[{"count":6,"href":"https:\/\/www.construccionspirineu.ad\/es\/wp-json\/wp\/v2\/pages\/3210\/revisions"}],"predecessor-version":[{"id":10373,"href":"https:\/\/www.construccionspirineu.ad\/es\/wp-json\/wp\/v2\/pages\/3210\/revisions\/10373"}],"wp:attachment":[{"href":"https:\/\/www.construccionspirineu.ad\/es\/wp-json\/wp\/v2\/media?parent=3210"}],"curies":[{"name":"wp","href":"https:\/\/api.w.org\/{rel}","templated":true}]}}