{"id":2422,"date":"2016-07-08T18:48:29","date_gmt":"2016-07-08T18:48:29","guid":{"rendered":"http:\/\/www.construccionspirineu.ad\/?page_id=2422"},"modified":"2017-07-09T17:55:52","modified_gmt":"2017-07-09T17:55:52","slug":"microciment","status":"publish","type":"page","link":"https:\/\/www.construccionspirineu.ad\/es\/microciment\/","title":{"rendered":"MICROCEMENTO"},"content":{"rendered":"<p><span style=\"color: #000080;\">\u00bfQue es el <strong>Microcemento<\/strong>?<\/span><br \/>\n<span style=\"color: #000080;\"> Es un revestimiento de alta calidad compuesto de pol\u00edmetros, \u00e1ridos y pigmentos colorantes, de gran adherencia a todo tipo de superficies. Se extiende en la superficie obteniendo como resultado un recrecido de 2 a 3 mm. de gran originalidad, con unas caracter\u00edsticas que lo hacen id\u00f3neo para recubrimiento de superficies de hormig\u00f3n nuevo, DM, cristal, rehabilitaci\u00f3n de pavimentos de hormig\u00f3n viejo, gres, azulejos, yeso, pladur, metal, pl\u00e1stico, m\u00e1rmol, etc.<\/span><\/p>\n<p><span style=\"color: #000080;\">En <strong>CONSTRUCCIONS PIRINEU<\/strong> somo <strong>especialistas en la aplicaci\u00f3n de microcemento<\/strong>, si tiene interes en este tipo de acabado, no dude en contactarnos, le realizaremos un presupuesto sin ningun tipo de compromiso.<\/span><\/p>\n<p><img loading=\"lazy\" class=\"wp-image-2433 alignleft\" src=\"http:\/\/www.construccionspirineu.ad\/wp-content\/uploads\/2016\/07\/BANNER-MICRO.gif\" alt=\"BANNER-MICRO\" width=\"594\" height=\"444\" \/><\/p>\n<div id=\"attachment_2560\" style=\"width: 436px\" class=\"wp-caption alignleft\"><a href=\"http:\/\/www.construccionspirineu.ad\/es\/colors-microciment\/\"><img aria-describedby=\"caption-attachment-2560\" loading=\"lazy\" class=\"wp-image-2560\" src=\"http:\/\/www.construccionspirineu.ad\/wp-content\/uploads\/2016\/07\/COLORS-MICROCIMENT.gif\" alt=\"COLORS-MICROCIMENT\" width=\"426\" height=\"559\" \/><\/a><p id=\"caption-attachment-2560\" class=\"wp-caption-text\"><strong><span style=\"color: #000080;\">NUESTRA COLECCI\u00d3N DE COLORES \u00a0 \u00a0 \u00a0 \u00a0 \u00a0 \u00a0 \u00a0 \u00a0 \u00a0 \u00a0 \u00a0 \u00a0 \u00a0 \u00a0 \u00a0 \u00a0 \u00a0 \u00a0 \u00a0 \u00a0 \u00a0 \u00a0 \u00a0 \u00a0 \u00a0 \u00a0 \u00a0 \u00a0 \u00a0 \u00a0 \u00a0 \u00a0 \u00a0 \u00a0 \u00a0 \u00a0 \u00a0 \u00a0 \u00a0 \u00a0 \u00a0 \u00a0 \u00a0 \u00a0 \u00a0 \u00a0+ INFO<\/span><\/strong><\/p><\/div>\n<p>&nbsp;<\/p>\n<p>&nbsp;<\/p>\n<p>&nbsp;<\/p>\n<p>&nbsp;<\/p>\n<p>&nbsp;<\/p>\n<p>&nbsp;<\/p>\n<p>&nbsp;<\/p>\n<p>&nbsp;<\/p>\n<p>&nbsp;<\/p>\n<p>&nbsp;<\/p>\n<p>&nbsp;<\/p>\n<p>&nbsp;<\/p>\n<p>&nbsp;<\/p>\n<p>&nbsp;<\/p>\n<p>&nbsp;<\/p>\n<p>&nbsp;<\/p>\n<p>&nbsp;<\/p>\n<p>&nbsp;<\/p>\n<p>&nbsp;<\/p>\n<p>&nbsp;<\/p>\n<p>&nbsp;<\/p>\n<p>&nbsp;<\/p>\n<p>&nbsp;<\/p>\n<p>&nbsp;<\/p>\n<p>&nbsp;<\/p>\n<p>&nbsp;<\/p>\n<p><div id=\"attachment_549\" style=\"width: 234px\" class=\"wp-caption alignleft\"><a href=\"http:\/\/www.construccionspirineu.ad\/es\/548-2\/\"><img aria-describedby=\"caption-attachment-549\" loading=\"lazy\" class=\"wp-image-549\" src=\"http:\/\/www.construccionspirineu.ad\/wp-content\/uploads\/2016\/05\/contacto.jpg\" alt=\"contacto\" width=\"224\" height=\"152\" srcset=\"https:\/\/www.construccionspirineu.ad\/wp-content\/uploads\/2016\/05\/contacto.jpg 474w, https:\/\/www.construccionspirineu.ad\/wp-content\/uploads\/2016\/05\/contacto-300x204.jpg 300w, https:\/\/www.construccionspirineu.ad\/wp-content\/uploads\/2016\/05\/contacto-150x102.jpg 150w\" sizes=\"(max-width: 224px) 100vw, 224px\" \/><\/a><p id=\"caption-attachment-549\" class=\"wp-caption-text\"><span style=\"color: #000080;\"><strong>CONTACTAN<\/strong><\/span><\/p><\/div><\/p>","protected":false},"excerpt":{"rendered":"<p>\u00bfQue es el Microcemento? Es un revestimiento de alta calidad compuesto de pol\u00edmetros, \u00e1ridos y pigmentos colorantes, de gran adherencia a todo tipo de superficies. Se extiende en la superficie obteniendo como resultado un recrecido de 2 a 3 mm. de gran originalidad, con unas caracter\u00edsticas que lo hacen id\u00f3neo para recubrimiento de superficies de&#8230;<\/p>\n","protected":false},"author":1,"featured_media":0,"parent":0,"menu_order":0,"comment_status":"closed","ping_status":"closed","template":"","meta":[],"_links":{"self":[{"href":"https:\/\/www.construccionspirineu.ad\/es\/wp-json\/wp\/v2\/pages\/2422"}],"collection":[{"href":"https:\/\/www.construccionspirineu.ad\/es\/wp-json\/wp\/v2\/pages"}],"about":[{"href":"https:\/\/www.construccionspirineu.ad\/es\/wp-json\/wp\/v2\/types\/page"}],"author":[{"embeddable":true,"href":"https:\/\/www.construccionspirineu.ad\/es\/wp-json\/wp\/v2\/users\/1"}],"replies":[{"embeddable":true,"href":"https:\/\/www.construccionspirineu.ad\/es\/wp-json\/wp\/v2\/comments?post=2422"}],"version-history":[{"count":67,"href":"https:\/\/www.construccionspirineu.ad\/es\/wp-json\/wp\/v2\/pages\/2422\/revisions"}],"predecessor-version":[{"id":2911,"href":"https:\/\/www.construccionspirineu.ad\/es\/wp-json\/wp\/v2\/pages\/2422\/revisions\/2911"}],"wp:attachment":[{"href":"https:\/\/www.construccionspirineu.ad\/es\/wp-json\/wp\/v2\/media?parent=2422"}],"curies":[{"name":"wp","href":"https:\/\/api.w.org\/{rel}","templated":true}]}}