{"id":177,"date":"2016-05-10T12:35:16","date_gmt":"2016-05-10T12:35:16","guid":{"rendered":"http:\/\/www.construccionspirineu.ad\/?page_id=177"},"modified":"2018-01-06T04:15:14","modified_gmt":"2018-01-06T04:15:14","slug":"banys","status":"publish","type":"page","link":"https:\/\/www.construccionspirineu.ad\/es\/banys\/","title":{"rendered":"BA\u00d1OS"},"content":{"rendered":"<p><span style=\"color: #333399;\">La reforma de un ba\u00f1o, ya sea parcial <b>(<\/b><strong>cambio de ba\u00f1era por plato de ducha)<\/strong> o integral, es una de las especializaciones de <strong>CONSTRUCCIONS PIRINEU<\/strong>.<\/span><\/p>\n<p><span style=\"color: #333399;\"> Estamos especializados en ejecutar obras r\u00e1pidas y poco traum\u00e1ticas en tal vital espacio.<\/span><\/p>\n<p><span style=\"color: #333399;\">Hacemos cambio de ba\u00f1era por plato de ducha o reforma integral del ba\u00f1o de forma r\u00e1pida, limpia, econ\u00f3mica y con los mejores materiales del mercado.<\/span><\/p>\n<p>&nbsp;<\/p>\n<p>&nbsp;<\/p>\n<p><img loading=\"lazy\" class=\"size-full wp-image-2198 aligncenter\" src=\"http:\/\/www.construccionspirineu.ad\/wp-content\/uploads\/2016\/05\/BANY.gif\" alt=\"BANY\" width=\"450\" height=\"300\" \/><\/p>\n<p>&nbsp;<\/p>\n<div id=\"attachment_549\" style=\"width: 234px\" class=\"wp-caption alignleft\"><a href=\"http:\/\/www.construccionspirineu.ad\/es\/548-2\/\"><img aria-describedby=\"caption-attachment-549\" loading=\"lazy\" class=\"wp-image-549\" src=\"http:\/\/www.construccionspirineu.ad\/wp-content\/uploads\/2016\/05\/contacto.jpg\" alt=\"contacto\" width=\"224\" height=\"152\" srcset=\"https:\/\/www.construccionspirineu.ad\/wp-content\/uploads\/2016\/05\/contacto.jpg 474w, https:\/\/www.construccionspirineu.ad\/wp-content\/uploads\/2016\/05\/contacto-300x204.jpg 300w, https:\/\/www.construccionspirineu.ad\/wp-content\/uploads\/2016\/05\/contacto-150x102.jpg 150w\" sizes=\"(max-width: 224px) 100vw, 224px\" \/><\/a><p id=\"caption-attachment-549\" class=\"wp-caption-text\"><span style=\"color: #000080;\"><strong>CONTACTANOS<\/strong><\/span><\/p><\/div>\n<p>&nbsp;<\/p>\n<p>&nbsp;<\/p>\n<p>&nbsp;<\/p>\n<p>&nbsp;<\/p>\n<p>&nbsp;<\/p>\n<p>&nbsp;<\/p>\n<p>&nbsp;<\/p>\n<p>&nbsp;<\/p>\n<p>&nbsp;<\/p>\n<p>&nbsp;<\/p>\n<p>&nbsp;<\/p>\n<p>&nbsp;<\/p>\n<p>&nbsp;<\/p>\n<p><span style=\"color: #333399;\">Somos <strong>distribuidores<\/strong> de:<\/span><\/p>\n<div id=\"attachment_677\" style=\"width: 139px\" class=\"wp-caption alignnone\"><a href=\"http:\/\/www.antaliacocinas.com\/banos\/\" target=\"_blank\" rel=\"noopener noreferrer\"><img aria-describedby=\"caption-attachment-677\" loading=\"lazy\" class=\"wp-image-677\" src=\"http:\/\/www.construccionspirineu.ad\/wp-content\/uploads\/2016\/05\/logo-ANTALIA.png\" alt=\"logo ANTALIA\" width=\"129\" height=\"65\" srcset=\"https:\/\/www.construccionspirineu.ad\/wp-content\/uploads\/2016\/05\/logo-ANTALIA.png 155w, https:\/\/www.construccionspirineu.ad\/wp-content\/uploads\/2016\/05\/logo-ANTALIA-150x75.png 150w\" sizes=\"(max-width: 129px) 100vw, 129px\" \/><\/a><p id=\"caption-attachment-677\" class=\"wp-caption-text\"><span style=\"color: #333399;\">BA\u00d1O<\/span><\/p><\/div>\n<div id=\"attachment_682\" style=\"width: 133px\" class=\"wp-caption alignnone\"><a href=\"http:\/\/faro.es\/producto\/\" target=\"_blank\" rel=\"noopener noreferrer\"><img aria-describedby=\"caption-attachment-682\" loading=\"lazy\" class=\"wp-image-682\" src=\"http:\/\/www.construccionspirineu.ad\/wp-content\/uploads\/2016\/05\/faro_logo_header1.png\" alt=\"faro_logo_header1\" width=\"123\" height=\"40\" srcset=\"https:\/\/www.construccionspirineu.ad\/wp-content\/uploads\/2016\/05\/faro_logo_header1.png 225w, https:\/\/www.construccionspirineu.ad\/wp-content\/uploads\/2016\/05\/faro_logo_header1-150x49.png 150w\" sizes=\"(max-width: 123px) 100vw, 123px\" \/><\/a><p id=\"caption-attachment-682\" class=\"wp-caption-text\"><span style=\"color: #333399;\">ILUMINACI\u00d3N<\/span><\/p><\/div>\n<p><script>\/\/ <![CDATA[ (function(i,s,o,g,r,a,m){i['GoogleAnalyticsObject']=r;i[r]=i[r]||function(){ (i[r].q=i[r].q||[]).push(arguments)},i[r].l=1*new Date();a=s.createElement(o), m=s.getElementsByTagName(o)[0];a.async=1;a.src=g;m.parentNode.insertBefore(a,m) })(window,document,'script','https:\/\/www.google-analytics.com\/analytics.js','ga'); ga('create', 'UA-82321841-1', 'auto'); ga('send', 'pageview'); \/\/ ]]><\/script><\/p>","protected":false},"excerpt":{"rendered":"<p>La reforma de un ba\u00f1o, ya sea parcial (cambio de ba\u00f1era por plato de ducha) o integral, es una de las especializaciones de CONSTRUCCIONS PIRINEU. Estamos especializados en ejecutar obras r\u00e1pidas y poco traum\u00e1ticas en tal vital espacio. Hacemos cambio de ba\u00f1era por plato de ducha o reforma integral del ba\u00f1o de forma r\u00e1pida, limpia,&#8230;<\/p>\n","protected":false},"author":1,"featured_media":0,"parent":0,"menu_order":0,"comment_status":"closed","ping_status":"closed","template":"","meta":[],"_links":{"self":[{"href":"https:\/\/www.construccionspirineu.ad\/es\/wp-json\/wp\/v2\/pages\/177"}],"collection":[{"href":"https:\/\/www.construccionspirineu.ad\/es\/wp-json\/wp\/v2\/pages"}],"about":[{"href":"https:\/\/www.construccionspirineu.ad\/es\/wp-json\/wp\/v2\/types\/page"}],"author":[{"embeddable":true,"href":"https:\/\/www.construccionspirineu.ad\/es\/wp-json\/wp\/v2\/users\/1"}],"replies":[{"embeddable":true,"href":"https:\/\/www.construccionspirineu.ad\/es\/wp-json\/wp\/v2\/comments?post=177"}],"version-history":[{"count":88,"href":"https:\/\/www.construccionspirineu.ad\/es\/wp-json\/wp\/v2\/pages\/177\/revisions"}],"predecessor-version":[{"id":3759,"href":"https:\/\/www.construccionspirineu.ad\/es\/wp-json\/wp\/v2\/pages\/177\/revisions\/3759"}],"wp:attachment":[{"href":"https:\/\/www.construccionspirineu.ad\/es\/wp-json\/wp\/v2\/media?parent=177"}],"curies":[{"name":"wp","href":"https:\/\/api.w.org\/{rel}","templated":true}]}}