{"id":10611,"date":"2025-10-22T14:38:08","date_gmt":"2025-10-22T14:38:08","guid":{"rendered":"https:\/\/www.construccionspirineu.ad\/?page_id=10611"},"modified":"2025-11-11T11:17:47","modified_gmt":"2025-11-11T11:17:47","slug":"politica-de-privacitat","status":"publish","type":"page","link":"https:\/\/www.construccionspirineu.ad\/es\/politica-de-privacitat\/","title":{"rendered":"(Catal\u00e0) POL\u00cdTICA DE PRIVACITAT"},"content":{"rendered":"<p class=\"qtranxs-available-languages-message qtranxs-available-languages-message-es\">Disculpa, pero esta entrada est\u00e1 disponible s\u00f3lo en <a href=\"https:\/\/www.construccionspirineu.ad\/ca\/wp-json\/wp\/v2\/pages\/10611\" class=\"qtranxs-available-language-link qtranxs-available-language-link-ca\" title=\"Catal\u00e0\">Catal\u00e1n<\/a>.<\/p>","protected":false},"excerpt":{"rendered":"<p>Disculpa, pero esta entrada est\u00e1 disponible s\u00f3lo en Catal\u00e1n.<\/p>\n","protected":false},"author":1,"featured_media":0,"parent":0,"menu_order":0,"comment_status":"closed","ping_status":"closed","template":"","meta":[],"_links":{"self":[{"href":"https:\/\/www.construccionspirineu.ad\/es\/wp-json\/wp\/v2\/pages\/10611"}],"collection":[{"href":"https:\/\/www.construccionspirineu.ad\/es\/wp-json\/wp\/v2\/pages"}],"about":[{"href":"https:\/\/www.construccionspirineu.ad\/es\/wp-json\/wp\/v2\/types\/page"}],"author":[{"embeddable":true,"href":"https:\/\/www.construccionspirineu.ad\/es\/wp-json\/wp\/v2\/users\/1"}],"replies":[{"embeddable":true,"href":"https:\/\/www.construccionspirineu.ad\/es\/wp-json\/wp\/v2\/comments?post=10611"}],"version-history":[{"count":2,"href":"https:\/\/www.construccionspirineu.ad\/es\/wp-json\/wp\/v2\/pages\/10611\/revisions"}],"predecessor-version":[{"id":10624,"href":"https:\/\/www.construccionspirineu.ad\/es\/wp-json\/wp\/v2\/pages\/10611\/revisions\/10624"}],"wp:attachment":[{"href":"https:\/\/www.construccionspirineu.ad\/es\/wp-json\/wp\/v2\/media?parent=10611"}],"curies":[{"name":"wp","href":"https:\/\/api.w.org\/{rel}","templated":true}]}}